{"id":6,"date":"2026-01-25T16:50:46","date_gmt":"2026-01-25T16:50:46","guid":{"rendered":"https:\/\/www.balootjebouwonderhoud.nl\/?page_id=6"},"modified":"2026-03-16T20:36:05","modified_gmt":"2026-03-16T20:36:05","slug":"home","status":"publish","type":"page","link":"https:\/\/www.balootjebouwonderhoud.nl\/","title":{"rendered":"Home"},"content":{"rendered":"\n<div class=\"wp-block-cover alignfull has-border-color has-ast-global-color-4-color has-text-color has-link-color wp-elements-bc3fc8a3c4de8f8b92cf39966eb23e2e wp-duotone-grayscale\" style=\"border-color:#ffffff;border-top-left-radius:0px;border-top-right-radius:0px;border-bottom-left-radius:0px;border-bottom-right-radius:0px;padding-right:0;padding-left:0;min-height:100vh;aspect-ratio:unset;\"><img decoding=\"async\" class=\"wp-block-cover__image-background wp-image-131 size-full\" alt=\"\" src=\"https:\/\/www.balootjebouwonderhoud.nl\/wp-content\/uploads\/2026\/03\/IMG_6599.heic\" data-object-fit=\"cover\"\/><span aria-hidden=\"true\" class=\"wp-block-cover__background has-background-dim\"><\/span><div class=\"wp-block-cover__inner-container is-layout-constrained wp-container-core-cover-is-layout-7db9d80f wp-block-cover-is-layout-constrained\">\n<div class=\"inherit-container-width wp-block-group alignwide is-layout-constrained wp-block-group-is-layout-constrained\">\n<div class=\"wp-block-media-text alignwide has-media-on-the-right is-vertically-aligned-center\" style=\"grid-template-columns:auto 39%\"><div class=\"wp-block-media-text__content\">\n<h2 class=\"wp-block-heading has-text-align-left has-ast-global-color-4-color has-text-color has-medium-font-size\" style=\"padding-right:var(--wp--preset--spacing--20);padding-left:var(--wp--preset--spacing--20)\"><strong><em>Professionele dienstverlening voor bedrijven en particulieren.<\/em><\/strong><\/h2>\n\n\n\n<p class=\"has-white-color has-text-color has-ast-global-color-4-color has-link-color has-small-font-size wp-elements-6f36bc612501bbc70b148d25a3424b89\" style=\"padding-right:var(--wp--preset--spacing--20);padding-left:var(--wp--preset--spacing--20)\">IT-oplossingen, elektra, schilderwerk en vloeren \u2013 \u00e9\u00e9n aanspreekpunt, betrouwbaar uitgevoerd.<\/p>\n\n\n\n<div class=\"wp-block-buttons is-layout-flex wp-block-buttons-is-layout-flex\">\n<div class=\"wp-block-button\"><a class=\"wp-block-button__link wp-element-button\" href=\"https:\/\/wa.me\/31681684465\">WhatsApp ons! <\/a><\/div>\n\n\n\n<div class=\"wp-block-button\"><a class=\"wp-block-button__link wp-element-button\" href=\"https:\/\/www.balootjebouwonderhoud.nl\/?page_id=32\">Offerte aanvragen?<\/a><\/div>\n<\/div>\n<\/div><figure class=\"wp-block-media-text__media\"><\/figure><\/div>\n<\/div>\n<\/div><\/div>\n\n\n\n<div class=\"wp-block-group alignfull has-ast-global-color-4-background-color has-background is-layout-constrained wp-container-core-group-is-layout-9cedb757 wp-block-group-is-layout-constrained\" style=\"padding-bottom:0px\">\n<div class=\"wp-block-columns are-vertically-aligned-top is-layout-flex wp-container-core-columns-is-layout-00723822 wp-block-columns-is-layout-flex\">\n<div class=\"wp-block-column is-vertically-aligned-top is-layout-flow wp-container-core-column-is-layout-6b73ce23 wp-block-column-is-layout-flow\">\n<figure class=\"wp-block-image size-full is-resized\"><img fetchpriority=\"high\" decoding=\"async\" width=\"316\" height=\"275\" src=\"https:\/\/www.balootjebouwonderhoud.nl\/wp-content\/uploads\/2026\/01\/dienst.png\" alt=\"\" class=\"wp-image-58\" style=\"aspect-ratio:1;object-fit:cover;width:85px\" srcset=\"https:\/\/www.balootjebouwonderhoud.nl\/wp-content\/uploads\/2026\/01\/dienst.png 316w, https:\/\/www.balootjebouwonderhoud.nl\/wp-content\/uploads\/2026\/01\/dienst-300x261.png 300w\" sizes=\"(max-width: 316px) 100vw, 316px\" \/><\/figure>\n\n\n\n<h3 class=\"wp-block-heading has-text-align-left\" style=\"margin-top:16px\"><strong>Lokale dienstverlening<\/strong><\/h3>\n\n\n\n<p class=\"has-text-align-left\">Actief voor bedrijven en particulieren in de regio.<br>Snel schakelen en duidelijke afspraken.<\/p>\n\n\n\n<p class=\"has-text-align-left\"><\/p>\n<\/div>\n\n\n\n<div class=\"wp-block-column is-vertically-aligned-top is-layout-flow wp-container-core-column-is-layout-6b73ce23 wp-block-column-is-layout-flow\">\n<figure class=\"wp-block-image size-full is-resized\"><img decoding=\"async\" width=\"360\" height=\"348\" src=\"https:\/\/www.balootjebouwonderhoud.nl\/wp-content\/uploads\/2026\/01\/allround.png\" alt=\"\" class=\"wp-image-59\" style=\"aspect-ratio:1;object-fit:cover;width:85px\" srcset=\"https:\/\/www.balootjebouwonderhoud.nl\/wp-content\/uploads\/2026\/01\/allround.png 360w, https:\/\/www.balootjebouwonderhoud.nl\/wp-content\/uploads\/2026\/01\/allround-300x290.png 300w\" sizes=\"(max-width: 360px) 100vw, 360px\" \/><\/figure>\n\n\n\n<h3 class=\"wp-block-heading has-text-align-left\" style=\"margin-top:16px\">Allround vakmanschap<\/h3>\n\n\n\n<p class=\"has-text-align-left\">IT, elektra, schilderwerk en vloeren.<br>E\u00e9n aanspreekpunt voor meerdere diensten.<\/p>\n\n\n\n<p class=\"has-text-align-left\"><\/p>\n<\/div>\n\n\n\n<div class=\"wp-block-column is-vertically-aligned-top is-layout-flow wp-container-core-column-is-layout-6b73ce23 wp-block-column-is-layout-flow\">\n<figure class=\"wp-block-image size-full is-resized\"><img decoding=\"async\" width=\"263\" height=\"376\" src=\"https:\/\/www.balootjebouwonderhoud.nl\/wp-content\/uploads\/2026\/01\/zakelijk.png\" alt=\"\" class=\"wp-image-60\" style=\"aspect-ratio:1;object-fit:cover;width:85px\" srcset=\"https:\/\/www.balootjebouwonderhoud.nl\/wp-content\/uploads\/2026\/01\/zakelijk.png 263w, https:\/\/www.balootjebouwonderhoud.nl\/wp-content\/uploads\/2026\/01\/zakelijk-210x300.png 210w\" sizes=\"(max-width: 263px) 100vw, 263px\" \/><\/figure>\n\n\n\n<h3 class=\"wp-block-heading has-text-align-left\" style=\"margin-top:16px\">Zakelijk &amp; betrouwbaar<\/h3>\n\n\n\n<p class=\"has-text-align-left\">Professionele uitvoering volgens afspraak,<br>met focus op kwaliteit en continu\u00efteit.<\/p>\n\n\n\n<p class=\"has-text-align-left\"><\/p>\n<\/div>\n\n\n\n<div class=\"wp-block-column is-vertically-aligned-top is-layout-flow wp-container-core-column-is-layout-6b73ce23 wp-block-column-is-layout-flow\">\n<figure class=\"wp-block-image size-full is-resized\"><img loading=\"lazy\" decoding=\"async\" width=\"318\" height=\"270\" src=\"https:\/\/www.balootjebouwonderhoud.nl\/wp-content\/uploads\/2026\/01\/flexibel.png\" alt=\"\" class=\"wp-image-61\" style=\"aspect-ratio:1;object-fit:cover;width:85px\" srcset=\"https:\/\/www.balootjebouwonderhoud.nl\/wp-content\/uploads\/2026\/01\/flexibel.png 318w, https:\/\/www.balootjebouwonderhoud.nl\/wp-content\/uploads\/2026\/01\/flexibel-300x255.png 300w\" sizes=\"(max-width: 318px) 100vw, 318px\" \/><\/figure>\n\n\n\n<h3 class=\"wp-block-heading has-text-align-left\" style=\"margin-top:16px\">Flexibel inzetbaar<\/h3>\n\n\n\n<p class=\"has-text-align-left\">Zowel kleine klussen als grotere projecten,<br>eenmalig of structureel.<\/p>\n\n\n\n<p class=\"has-text-align-left\"><\/p>\n<\/div>\n<\/div>\n<\/div>\n\n\n\n<div class=\"wp-block-group alignfull has-ast-global-color-4-background-color has-background is-content-justification-center is-layout-constrained wp-container-core-group-is-layout-16db8ac6 wp-block-group-is-layout-constrained\" id=\"services\" style=\"padding-top:50px;padding-bottom:50px\">\n<h3 class=\"wp-block-heading has-black-color has-text-color has-link-color wp-elements-5b98205d6f2cc02e8f61436274819788\"><strong>Hoe kunnen wij u helpen? <\/strong><\/h3>\n\n\n\n<p>Kies \u00e9\u00e9n van onze kernactiviteiten of vraag maatwerk aan<\/p>\n\n\n\n<div class=\"wp-block-uagb-slider uagb-block-1be5ab19 uagb-slider-container\"><div class=\"uagb-slides uagb-swiper\"><div class=\"swiper-wrapper\">\n<div class=\"wp-block-uagb-slider-child uagb-slider-child-wrap swiper-slide uagb-block-32522c2d\"><div class=\"swiper-content\">\n<div class=\"wp-block-uagb-container uagb-block-7291e19d alignfull uagb-is-root-container\"><div class=\"uagb-container-inner-blocks-wrap\">\n<div class=\"wp-block-uagb-info-box uagb-block-4bcd4989 uagb-infobox__content-wrap  uagb-infobox-icon-above-title uagb-infobox-image-valign-top\"><div class=\"uagb-ifb-content\"><div class=\"uagb-ifb-title-wrap\"><h3 class=\"uagb-ifb-title\">IT oplossingen<\/h3><\/div><p class=\"uagb-ifb-desc\">Installatie en onderhoud van netwerken, systemen en IT-infrastructuur.<\/p><\/div><\/div>\n<\/div><\/div>\n<\/div><\/div>\n\n\n\n<div class=\"wp-block-uagb-slider-child uagb-slider-child-wrap swiper-slide uagb-block-cfff3801\"><div class=\"swiper-content\">\n<div class=\"wp-block-uagb-container uagb-block-39850998 alignfull uagb-is-root-container\"><div class=\"uagb-container-inner-blocks-wrap\">\n<div class=\"wp-block-uagb-info-box uagb-block-8a84cc3b uagb-infobox__content-wrap  uagb-infobox-icon-above-title uagb-infobox-image-valign-top\"><div class=\"uagb-ifb-content\"><div class=\"uagb-ifb-title-wrap\"><h3 class=\"uagb-ifb-title\">Elektrotechniek<\/h3><\/div><p class=\"uagb-ifb-desc\">Aanleg, uitbreiding en onderhoud van elektrische installaties.<br>Van storingen oplossen tot complete installaties en verlichting.<\/p><\/div><\/div>\n<\/div><\/div>\n<\/div><\/div>\n\n\n\n<div class=\"wp-block-uagb-slider-child uagb-slider-child-wrap swiper-slide uagb-block-8c3cc7ce\"><div class=\"swiper-content\">\n<div class=\"wp-block-uagb-container uagb-block-920f6400 alignfull uagb-is-root-container\"><div class=\"uagb-container-inner-blocks-wrap\">\n<div class=\"wp-block-uagb-info-box uagb-block-044eb8be uagb-infobox__content-wrap  uagb-infobox-icon-above-title uagb-infobox-image-valign-top\"><div class=\"uagb-ifb-content\"><div class=\"uagb-ifb-title-wrap\"><h3 class=\"uagb-ifb-title\">Totaal onderhoud<\/h3><\/div><p class=\"uagb-ifb-desc\">Complete onderhouds- en renovatiewerkzaamheden.<br>Van schilderwerk en vloeren tot diverse bouw- en herstelklussen.<\/p><\/div><\/div>\n<\/div><\/div>\n<\/div><\/div>\n<\/div><\/div><div class=\"swiper-pagination\"><\/div><div class=\"swiper-button-prev\"><\/div><div class=\"swiper-button-next\"><\/div><\/div>\n\n\n\n<div class=\"wp-block-buttons is-layout-flex wp-block-buttons-is-layout-flex\" style=\"padding-top:var(--wp--preset--spacing--50);padding-bottom:var(--wp--preset--spacing--50)\">\n<div class=\"wp-block-button\"><a class=\"wp-block-button__link wp-element-button\" href=\"https:\/\/www.balootjebouwonderhoud.nl\/?page_id=32\">Vraag uw offerte aan<\/a><\/div>\n<\/div>\n<\/div>\n\n\n\n<div class=\"wp-block-group alignfull has-ast-global-color-4-color has-ast-global-color-4-background-color has-text-color has-background has-link-color has-medium-font-size wp-elements-dabe349487eddc10a3a2aef2ece673ba is-content-justification-center is-layout-constrained wp-container-core-group-is-layout-fe6ca239 wp-block-group-is-layout-constrained\" id=\"about\" style=\"padding-top:143px;padding-bottom:144px;background-image:url(&apos;https:\/\/www.balootjebouwonderhoud.nl\/wp-content\/uploads\/2026\/03\/IMG_6600-2.heic&apos;);background-position:51% 86%;background-size:cover;\">\n<div class=\"wp-block-media-text has-media-on-the-right is-stacked-on-mobile is-vertically-aligned-center\" style=\"grid-template-columns:auto 28%\"><div class=\"wp-block-media-text__content\">\n<div class=\"inherit-container-width wp-block-group has-ast-global-color-4-color has-text-color is-layout-constrained wp-container-core-group-is-layout-47ce07ec wp-block-group-is-layout-constrained\" style=\"padding-right:80px\">\n<h3 class=\"wp-block-heading has-ast-global-color-4-color has-text-color has-link-color wp-elements-0eafe57def03e1ebac139b12db5f0d35\" style=\"padding-right:40px\">Betrouwbare dienstverlening onder \u00e9\u00e9n dak<\/h3>\n\n\n\n<p>Als allround dienstverlener combineren wij technische<br>kennis met praktisch vakmanschap. Door meerdere<br>disciplines aan te bieden, kunnen wij effici\u00ebnt werken<br>en duidelijke afspraken maken.<\/p>\n\n\n\n<p>Wij denken mee, werken netjes en leveren werk af<br>waar u op kunt vertrouwen.<\/p>\n<\/div>\n<\/div><figure class=\"wp-block-media-text__media\"><\/figure><\/div>\n<\/div>\n\n\n\n<div class=\"wp-block-group alignfull is-layout-constrained wp-container-core-group-is-layout-3fee123f wp-block-group-is-layout-constrained\" id=\"whyus\" style=\"padding-top:144px;padding-bottom:144px\">\n<h2 class=\"wp-block-heading has-medium-font-size\"><strong><em>Waarom Balootje Bouw en Onderhoud?<\/em><\/strong><\/h2>\n\n\n\n<div class=\"wp-block-columns is-layout-flex wp-container-core-columns-is-layout-29aadeec wp-block-columns-is-layout-flex\" style=\"margin-top:60px\">\n<div class=\"wp-block-column is-layout-flow wp-container-core-column-is-layout-6b73ce23 wp-block-column-is-layout-flow\">\n<figure class=\"wp-block-image size-full is-resized\"><img loading=\"lazy\" decoding=\"async\" width=\"318\" height=\"266\" src=\"https:\/\/www.balootjebouwonderhoud.nl\/wp-content\/uploads\/2026\/01\/shield-1.png\" alt=\"\" class=\"wp-image-53\" style=\"aspect-ratio:1;object-fit:cover;width:85px\" srcset=\"https:\/\/www.balootjebouwonderhoud.nl\/wp-content\/uploads\/2026\/01\/shield-1.png 318w, https:\/\/www.balootjebouwonderhoud.nl\/wp-content\/uploads\/2026\/01\/shield-1-300x251.png 300w\" sizes=\"(max-width: 318px) 100vw, 318px\" \/><\/figure>\n\n\n\n<h3 class=\"wp-block-heading\" style=\"margin-top:16px\">Betrouwbaar<\/h3>\n\n\n\n<p>Wij werken volgens afspraak en communiceren<br>duidelijk over planning en uitvoering.<\/p>\n<\/div>\n\n\n\n<div class=\"wp-block-column is-layout-flow wp-container-core-column-is-layout-47e5a185 wp-block-column-is-layout-flow\">\n<figure class=\"wp-block-image size-full is-resized\"><img loading=\"lazy\" decoding=\"async\" width=\"300\" height=\"350\" src=\"https:\/\/www.balootjebouwonderhoud.nl\/wp-content\/uploads\/2026\/01\/briefcase-.png\" alt=\"\" class=\"wp-image-54\" style=\"aspect-ratio:1;object-fit:cover;width:85px;height:auto\" srcset=\"https:\/\/www.balootjebouwonderhoud.nl\/wp-content\/uploads\/2026\/01\/briefcase-.png 300w, https:\/\/www.balootjebouwonderhoud.nl\/wp-content\/uploads\/2026\/01\/briefcase--257x300.png 257w\" sizes=\"(max-width: 300px) 100vw, 300px\" \/><\/figure>\n\n\n\n<h3 class=\"wp-block-heading\" style=\"margin-top:16px\">Professioneel<\/h3>\n\n\n\n<p>Ervaring in IT, elektra en totaal onderhoud,<br>met oog voor kwaliteit en veiligheid.<\/p>\n<\/div>\n\n\n\n<div class=\"wp-block-column is-layout-flow wp-container-core-column-is-layout-6b73ce23 wp-block-column-is-layout-flow\">\n<figure class=\"wp-block-image size-full is-resized\"><img loading=\"lazy\" decoding=\"async\" width=\"307\" height=\"386\" src=\"https:\/\/www.balootjebouwonderhoud.nl\/wp-content\/uploads\/2026\/01\/link.png\" alt=\"\" class=\"wp-image-55\" style=\"aspect-ratio:1;object-fit:cover;width:85px\" srcset=\"https:\/\/www.balootjebouwonderhoud.nl\/wp-content\/uploads\/2026\/01\/link.png 307w, https:\/\/www.balootjebouwonderhoud.nl\/wp-content\/uploads\/2026\/01\/link-239x300.png 239w\" sizes=\"(max-width: 307px) 100vw, 307px\" \/><\/figure>\n\n\n\n<h3 class=\"wp-block-heading\" style=\"margin-top:16px\">E\u00e9n aanspreekpunt<\/h3>\n\n\n\n<p>Meerdere diensten onder \u00e9\u00e9n dak,<br>wel zo effici\u00ebnt en overzichtelijk.<\/p>\n<\/div>\n<\/div>\n<\/div>\n\n\n\n<div class=\"wp-block-group alignfull is-layout-constrained wp-container-core-group-is-layout-cfcca693 wp-block-group-is-layout-constrained has-background\" id=\"contact\" style=\"padding-top:104px;padding-bottom:104px;background-image:url(&apos;https:\/\/www.balootjebouwonderhoud.nl\/wp-content\/uploads\/2026\/03\/zzp_onderhoudsmonteur-machines-machinepark-2560-1440-75.jpg&apos;);background-size:cover;\">\n<h2 class=\"wp-block-heading has-text-align-center has-text-color\" style=\"color:#ffffff\">Op zoek naar een betrouwbare dienstverlener?<\/h2>\n\n\n\n<div class=\"wp-block-buttons alignwide is-horizontal is-content-justification-center is-layout-flex wp-container-core-buttons-is-layout-bba8380a wp-block-buttons-is-layout-flex\" style=\"margin-top:50px\">\n<div class=\"wp-block-button\"><a class=\"wp-block-button__link wp-element-button\" href=\"https:\/\/www.balootjebouwonderhoud.nl\/?page_id=32\">Neem contact op<\/a><\/div>\n<\/div>\n\n\n\n<p><\/p>\n\n\n\n<p><\/p>\n\n\n\n<p><\/p>\n<\/div>\n","protected":false},"excerpt":{"rendered":"<p>Lokale dienstverlening Actief voor bedrijven en particulieren in de regio.Snel schakelen en duidelijke afspraken. Allround vakmanschap IT, elektra, schilderwerk en [&hellip;]<\/p>\n","protected":false},"author":1,"featured_media":0,"parent":0,"menu_order":0,"comment_status":"closed","ping_status":"closed","template":"","meta":{"_uag_custom_page_level_css":"","site-sidebar-layout":"no-sidebar","site-content-layout":"plain-container","ast-site-content-layout":"default","site-content-style":"default","site-sidebar-style":"default","ast-global-header-display":"","ast-banner-title-visibility":"","ast-main-header-display":"","ast-hfb-above-header-display":"","ast-hfb-below-header-display":"","ast-hfb-mobile-header-display":"","site-post-title":"disabled","ast-breadcrumbs-content":"","ast-featured-img":"","footer-sml-layout":"","ast-disable-related-posts":"","theme-transparent-header-meta":"enabled","adv-header-id-meta":"","stick-header-meta":"","header-above-stick-meta":"","header-main-stick-meta":"","header-below-stick-meta":"","astra-migrate-meta-layouts":"default","ast-page-background-enabled":"default","ast-page-background-meta":{"desktop":{"background-color":"var(--ast-global-color-5)","background-image":"","background-repeat":"repeat","background-position":"center center","background-size":"auto","background-attachment":"scroll","background-type":"","background-media":"","overlay-type":"","overlay-color":"","overlay-opacity":"","overlay-gradient":""},"tablet":{"background-color":"","background-image":"","background-repeat":"repeat","background-position":"center center","background-size":"auto","background-attachment":"scroll","background-type":"","background-media":"","overlay-type":"","overlay-color":"","overlay-opacity":"","overlay-gradient":""},"mobile":{"background-color":"","background-image":"","background-repeat":"repeat","background-position":"center center","background-size":"auto","background-attachment":"scroll","background-type":"","background-media":"","overlay-type":"","overlay-color":"","overlay-opacity":"","overlay-gradient":""}},"ast-content-background-meta":{"desktop":{"background-color":"var(--ast-global-color-4)","background-image":"","background-repeat":"repeat","background-position":"center center","background-size":"auto","background-attachment":"scroll","background-type":"","background-media":"","overlay-type":"","overlay-color":"","overlay-opacity":"","overlay-gradient":""},"tablet":{"background-color":"var(--ast-global-color-4)","background-image":"","background-repeat":"repeat","background-position":"center center","background-size":"auto","background-attachment":"scroll","background-type":"","background-media":"","overlay-type":"","overlay-color":"","overlay-opacity":"","overlay-gradient":""},"mobile":{"background-color":"var(--ast-global-color-4)","background-image":"","background-repeat":"repeat","background-position":"center center","background-size":"auto","background-attachment":"scroll","background-type":"","background-media":"","overlay-type":"","overlay-color":"","overlay-opacity":"","overlay-gradient":""}},"footnotes":""},"class_list":["post-6","page","type-page","status-publish","hentry"],"uagb_featured_image_src":{"full":false,"thumbnail":false,"medium":false,"medium_large":false,"large":false,"1536x1536":false,"2048x2048":false},"uagb_author_info":{"display_name":"jaydonbalootje","author_link":"https:\/\/www.balootjebouwonderhoud.nl\/?author=1"},"uagb_comment_info":0,"uagb_excerpt":"Lokale dienstverlening Actief voor bedrijven en particulieren in de regio.Snel schakelen en duidelijke afspraken. Allround vakmanschap IT, elektra, schilderwerk en [&hellip;]","_links":{"self":[{"href":"https:\/\/www.balootjebouwonderhoud.nl\/index.php?rest_route=\/wp\/v2\/pages\/6","targetHints":{"allow":["GET"]}}],"collection":[{"href":"https:\/\/www.balootjebouwonderhoud.nl\/index.php?rest_route=\/wp\/v2\/pages"}],"about":[{"href":"https:\/\/www.balootjebouwonderhoud.nl\/index.php?rest_route=\/wp\/v2\/types\/page"}],"author":[{"embeddable":true,"href":"https:\/\/www.balootjebouwonderhoud.nl\/index.php?rest_route=\/wp\/v2\/users\/1"}],"replies":[{"embeddable":true,"href":"https:\/\/www.balootjebouwonderhoud.nl\/index.php?rest_route=%2Fwp%2Fv2%2Fcomments&post=6"}],"version-history":[{"count":59,"href":"https:\/\/www.balootjebouwonderhoud.nl\/index.php?rest_route=\/wp\/v2\/pages\/6\/revisions"}],"predecessor-version":[{"id":189,"href":"https:\/\/www.balootjebouwonderhoud.nl\/index.php?rest_route=\/wp\/v2\/pages\/6\/revisions\/189"}],"wp:attachment":[{"href":"https:\/\/www.balootjebouwonderhoud.nl\/index.php?rest_route=%2Fwp%2Fv2%2Fmedia&parent=6"}],"curies":[{"name":"wp","href":"https:\/\/api.w.org\/{rel}","templated":true}]}}